{"id":3,"date":"2018-08-01T10:45:59","date_gmt":"2018-08-01T10:45:59","guid":{"rendered":"https:\/\/azucaresros.com\/en\/?page_id=3"},"modified":"2025-10-04T07:36:39","modified_gmt":"2025-10-04T07:36:39","slug":"privacy-policy","status":"publish","type":"page","link":"https:\/\/azucaresros.com\/en\/privacy-policy\/","title":{"rendered":"Privacy policy"},"content":{"rendered":"<p>[et_pb_section fb_built=&#8221;1&#8243; fullwidth=&#8221;on&#8221; admin_label=&#8221;Header&#8221; module_id=&#8221;header&#8221; _builder_version=&#8221;4.27.4&#8243; background_enable_color=&#8221;off&#8221; background_enable_image=&#8221;off&#8221; background_position=&#8221;bottom_center&#8221; locked=&#8221;off&#8221; global_colors_info=&#8221;{}&#8221;][et_pb_fullwidth_header title=&#8221;Privacy Policy&#8221; subhead=&#8221;azucaresros.com&#8221; content_max_width_last_edited=&#8221;off|desktop&#8221; admin_label=&#8221;TIT &#8211; Privacy Policy&#8221; _builder_version=&#8221;4.27.4&#8243; title_font=&#8221;||||||||&#8221; title_text_align=&#8221;left&#8221; title_font_size=&#8221;72px&#8221; title_letter_spacing=&#8221;-1pt&#8221; title_line_height=&#8221;1.5em&#8221; subhead_font_size=&#8221;20px&#8221; subhead_line_height=&#8221;1.9em&#8221; background_enable_color=&#8221;off&#8221; background_enable_image=&#8221;off&#8221; custom_margin=&#8221;|||&#8221; animation_style=&#8221;fade&#8221; animation_starting_opacity=&#8221;50%&#8221; animation_speed_curve=&#8221;ease-in&#8221; title_font_size_tablet=&#8221;60px&#8221; title_font_size_phone=&#8221;40px&#8221; title_font_size_last_edited=&#8221;on|desktop&#8221; button_one_border_color_hover=&#8221;#c99872&#8243; button_one_border_radius_hover=&#8221;0px&#8221; button_one_letter_spacing_hover=&#8221;3px&#8221; button_one_bg_color_hover=&#8221;#c99872&#8243; global_colors_info=&#8221;{}&#8221;][\/et_pb_fullwidth_header][\/et_pb_section][et_pb_section fb_built=&#8221;1&#8243; admin_label=&#8221;Section 1&#8243; module_id=&#8221;section_1&#8243; _builder_version=&#8221;4.27.4&#8243; custom_margin=&#8221;0px||||false|false&#8221; global_colors_info=&#8221;{}&#8221;][et_pb_row column_structure=&#8221;2_3,1_3&#8243; admin_label=&#8221;Row&#8221; _builder_version=&#8221;4.27.4&#8243; global_colors_info=&#8221;{}&#8221;][et_pb_column type=&#8221;2_3&#8243; _builder_version=&#8221;4.16&#8243; custom_padding=&#8221;|||&#8221; global_colors_info=&#8221;{}&#8221; custom_padding__hover=&#8221;|||&#8221;][et_pb_text admin_label=&#8221;TIT + TXT &#8211; Introduction&#8221; _builder_version=&#8221;4.27.0&#8243; text_text_color=&#8221;#eff4fa&#8221; text_font_size=&#8221;21px&#8221; text_line_height=&#8221;1.8em&#8221; header_2_text_color=&#8221;#eff4fa&#8221; header_2_font_size=&#8221;32px&#8221; header_2_line_height=&#8221;1.5em&#8221; background_layout=&#8221;dark&#8221; module_alignment=&#8221;left&#8221; custom_padding=&#8221;0px||0px||false|false&#8221; global_colors_info=&#8221;{}&#8221;]<\/p>\n<h2>Collected data processing<\/h2>\n<p class=\"desc\">Through this website no data of a personal nature is collected without the consent of the User or transferred to third parties.<\/p>\n<p><a href=\"#section_2\">Next <i class=\"icon icon-arrow-right\"><\/i><\/a>[\/et_pb_text][\/et_pb_column][et_pb_column type=&#8221;1_3&#8243; module_id=&#8221;legal-sidebar&#8221; _builder_version=&#8221;4.16&#8243; custom_padding=&#8221;|||&#8221; global_colors_info=&#8221;{}&#8221; custom_padding__hover=&#8221;|||&#8221;][et_pb_sidebar orientation=&#8221;right&#8221; area=&#8221;et_pb_widget_area_1&#8243; disabled_on=&#8221;on|on|off&#8221; _builder_version=&#8221;4.27.0&#8243; height=&#8221;100%&#8221; border_color_all=&#8221;rgba(255,255,255,0.3)&#8221; global_module=&#8221;27114&#8243; saved_tabs=&#8221;all&#8221; locked=&#8221;off&#8221; global_colors_info=&#8221;{}&#8221;][\/et_pb_sidebar][\/et_pb_column][\/et_pb_row][\/et_pb_section][et_pb_section fb_built=&#8221;1&#8243; admin_label=&#8221;Section 2&#8243; module_id=&#8221;section_2&#8243; _builder_version=&#8221;4.27.4&#8243; custom_margin=&#8221;0px||||false|false&#8221; global_colors_info=&#8221;{}&#8221;][et_pb_row use_custom_gutter=&#8221;on&#8221; _builder_version=&#8221;4.16&#8243; custom_padding=&#8221;|||&#8221; global_colors_info=&#8221;{}&#8221;][et_pb_column type=&#8221;4_4&#8243; _builder_version=&#8221;4.16&#8243; background_color_gradient_direction=&#8221;243deg&#8221; custom_padding=&#8221;|||&#8221; global_colors_info=&#8221;{}&#8221; custom_padding__hover=&#8221;|||&#8221;][et_pb_text admin_label=&#8221;TIT &#8211; Owner and Data Controller&#8221; module_class=&#8221;title_legal first_title&#8221; _builder_version=&#8221;4.27.4&#8243; module_alignment=&#8221;center&#8221; global_colors_info=&#8221;{}&#8221;]<\/p>\n<h3>Owner and Data Controller<\/h3>\n<p>[\/et_pb_text][et_pb_text admin_label=&#8221;TIT + LIST + TXT &#8211; Owner and Data Controller&#8221; module_class=&#8221;txt_legal&#8221; _builder_version=&#8221;4.27.4&#8243; locked=&#8221;off&#8221; global_colors_info=&#8221;{}&#8221;]<\/p>\n<h4>Owner and Data Controller<\/h4>\n<ul>\n<li>Viuda de Jos\u00e9 Mar\u00eda Ros Baixauli S.L. (hereinafter &#8220;Az\u00facares Ros&#8221;)<\/li>\n<li><strong>CIF<\/strong> B96065339<\/li>\n<li><strong>Address<\/strong>  28 Ram\u00f3n y Cajal Street, 46900, Torrente (Valencia, Spain)<\/li>\n<li><strong>Telephone<\/strong> 961 552 320 &#8211; 961 553 567<\/li>\n<li><strong>E-mail<\/strong> <a href=\"mailto:azucaresros@gmail.com\">azucaresros@gmail.com<\/a><\/li>\n<\/ul>\n<p>[\/et_pb_text][et_pb_text admin_label=&#8221;TIT &#8211; Collected data&#8221; module_class=&#8221;title_legal&#8221; _builder_version=&#8221;4.27.4&#8243; module_alignment=&#8221;center&#8221; global_colors_info=&#8221;{}&#8221;]<\/p>\n<h3>Collected data<\/h3>\n<p>[\/et_pb_text][et_pb_text admin_label=&#8221;TIT + TXT &#8211; Types of Data collected&#8221; module_class=&#8221;txt_legal&#8221; _builder_version=&#8221;4.27.4&#8243; locked=&#8221;off&#8221; global_colors_info=&#8221;{}&#8221;]<\/p>\n<h4>Types of Data collected<\/h4>\n<p>Among the types of Personal Data that this Website collects, by itself or through third parties, there are: Cookies, Usage Data, first and last name, email address, city, country, company and VAT number.<\/p>\n<p>Complete details on each type of Personal Data collected are provided in the dedicated sections of this privacy policy or by specific explanation texts displayed prior to the Data collection.<\/p>\n<p>Personal Data may be freely provided by the User, or, in case of Usage Data, collected automatically when using this Website.<\/p>\n<p>Unless specified otherwise, all Data requested by this Website is mandatory and failure to provide this Data may make it impossible for this Website to provide its services. In cases where this Website specifically states that some Data is not mandatory, Users are free not to communicate this Data without consequences to the availability or the functioning of the Service. Users who are uncertain about which Personal Data is mandatory are welcome to contact the Owner.<\/p>\n<p>Any use of Cookies \u2013 or of other tracking tools \u2013 by this Website or by the owners of third-party services used by this Website serves the purpose of providing the Service required by the User, in addition to any other purposes described in the present document and in the Cookie Policy, if available.<\/p>\n<p>[\/et_pb_text][et_pb_text admin_label=&#8221;TIT &#8211; Mode and place of processing the Data&#8221; module_class=&#8221;title_legal &#8221; _builder_version=&#8221;4.27.4&#8243; module_alignment=&#8221;center&#8221; locked=&#8221;off&#8221; global_colors_info=&#8221;{}&#8221;]<\/p>\n<h3>Mode and place of processing the Data<\/h3>\n<p>[\/et_pb_text][et_pb_text admin_label=&#8221;TIT + TXT &#8211; Methods of processing&#8221; module_class=&#8221;txt_legal&#8221; _builder_version=&#8221;4.27.4&#8243; locked=&#8221;off&#8221; global_colors_info=&#8221;{}&#8221;]<\/p>\n<h4>Methods of processing<\/h4>\n<p>The Owner takes appropriate security measures to prevent unauthorized access, disclosure, modification, or unauthorized destruction of the Data.<\/p>\n<p>The Data processing is carried out using computers and\/or IT enabled tools, following organizational procedures and modes strictly related to the purposes indicated. In addition to the Owner, in some cases, the Data may be accessible to certain types of persons in charge, involved with the operation of this Website (administration, sales, marketing, legal, system administration) or external parties (such as third-party technical service providers, mail carriers, hosting providers, IT companies, communications agencies) appointed, if necessary, as Data Processors by the Owner. The updated list of these parties may be requested from the Owner at any time.<\/p>\n<p>[\/et_pb_text][et_pb_text admin_label=&#8221;TIT + LIST + TXT &#8211; Legal basis of processing&#8221; module_class=&#8221;txt_legal&#8221; _builder_version=&#8221;4.27.4&#8243; locked=&#8221;off&#8221; global_colors_info=&#8221;{}&#8221;]<\/p>\n<h4>Legal basis of processing<\/h4>\n<p>The Owner may process Personal Data relating to Users if one of the following applies:<\/p>\n<ul>\n<li>Users have given their consent for one or more specific purposes. Note: Under some legislations the Owner may be allowed to process Personal Data until the User objects to such processing (\u201copt-out\u201d), without having to rely on consent or any other of the following legal bases; <\/li>\n<li>Provision of Data is necessary for the performance of an agreement with the User and\/or for any pre-contractual obligations thereof;<\/li>\n<li>Processing is necessary for compliance with a legal obligation to which the Owner is subject; <\/li>\n<li>Processing is related to a task that is carried out in the public interest or in the exercise of official authority vested in the Owner;<\/li>\n<li>Processing is necessary for the purposes of the legitimate interests pursued by the Owner or by a third party.<\/li>\n<\/ul>\n<p>In any case, the Owner will gladly help to clarify the specific legal basis that applies to the processing, and in particular whether the provision of Personal Data is a statutory or contractual requirement, or a requirement necessary to enter into a contract.<\/p>\n<p>[\/et_pb_text][et_pb_text admin_label=&#8221;TIT + TXT &#8211; Place&#8221; module_class=&#8221;txt_legal&#8221; _builder_version=&#8221;4.27.4&#8243; locked=&#8221;off&#8221; global_colors_info=&#8221;{}&#8221;]<\/p>\n<h4>Place<\/h4>\n<p>The Data is processed at the Owner&#8217;s operating offices and in any other places where the parties involved in the processing are located, all within European Union.\n<\/p>\n<p>[\/et_pb_text][et_pb_text admin_label=&#8221;TIT + LIST + TXT &#8211; Retention time&#8221; module_class=&#8221;txt_legal&#8221; _builder_version=&#8221;4.27.4&#8243; locked=&#8221;off&#8221; global_colors_info=&#8221;{}&#8221;]<\/p>\n<h4>Retention time<\/h4>\n<p>Personal Data shall be processed and stored for as long as required by the purpose they have been collected for.<\/p>\n<h5 class=\"n_space bold\">Therefore:<\/h5>\n<ul>\n<li>Personal Data collected for purposes related to the performance of a contract between the Owner and the User shall be retained until such contract has been fully performed.<\/li>\n<li>Personal Data collected for the purposes of the Owner\u2019s legitimate interests shall be retained as long as needed to fulfill such purposes. Users may find specific information regarding the legitimate interests pursued by the Owner within the relevant sections of this document or by contacting the Owner.<\/li>\n<\/ul>\n<p>The Owner may be allowed to retain Personal Data for a longer period whenever the User has given consent to such processing, as long as such consent is not withdrawn. Furthermore, the Owner may be obliged to retain Personal Data for a longer period whenever required to do so for the performance of a legal obligation or upon order of an authority.<\/p>\n<p>Once the retention period expires, Personal Data shall be deleted. Therefore, the right to access, the right to erasure, the right to rectification and the right to data portability cannot be enforced after expiration of the retention period.<\/p>\n<p>[\/et_pb_text][et_pb_text admin_label=&#8221;TIT &#8211; The purposes of processing&#8221; module_class=&#8221;title_legal&#8221; _builder_version=&#8221;4.27.4&#8243; module_alignment=&#8221;center&#8221; global_colors_info=&#8221;{}&#8221;]<\/p>\n<h3>The purposes of processing<\/h3>\n<p>[\/et_pb_text][et_pb_text admin_label=&#8221;TIT + TXT &#8211; Purpose&#8221; module_class=&#8221;txt_legal&#8221; _builder_version=&#8221;4.27.4&#8243; locked=&#8221;off&#8221; global_colors_info=&#8221;{}&#8221;]<\/p>\n<h4>Purpose<\/h4>\n<p>The Data concerning the User is collected to allow the Owner to provide its Services, as well as for the following purposes: Analytics, Contacting the User and SPAM protection.<\/p>\n<p>Users can find further detailed information about such purposes of processing and about the specific Personal Data used for each purpose in the respective sections of this document.<\/p>\n<p>[\/et_pb_text][et_pb_text admin_label=&#8221;TIT + TXT &#8211; Detailed information on the processing of Personal Data&#8221; module_class=&#8221;title_legal &#8221; _builder_version=&#8221;4.27.4&#8243; module_alignment=&#8221;center&#8221; global_colors_info=&#8221;{}&#8221;]<\/p>\n<h3>Detailed information on the processing of Personal Data<\/h3>\n<p class=\"desc\">Personal Data is collected for the following purposes and using the following services:<\/p>\n<p>[\/et_pb_text][et_pb_text admin_label=&#8221;TIT + TXT &#8211; Contacting the User&#8221; module_class=&#8221;txt_legal&#8221; _builder_version=&#8221;4.27.4&#8243; locked=&#8221;off&#8221; global_colors_info=&#8221;{}&#8221;]<\/p>\n<h4>Contacting the User<\/h4>\n<p>By filling in the contact form with their Data, the User authorizes this Website to use these details to reply to requests for information, quotes or any other kind of request as indicated by the form\u2019s header.<\/p>\n<p>Personal Data collected: name, telephones, city, country, company, VAT number and email address.<\/p>\n<p>[\/et_pb_text][et_pb_text admin_label=&#8221;TIT + TXT &#8211; Analytics&#8221; module_class=&#8221;txt_legal&#8221; _builder_version=&#8221;4.27.4&#8243; locked=&#8221;off&#8221; global_colors_info=&#8221;{}&#8221;]<\/p>\n<h4>Analytics<\/h4>\n<p>The services contained in this section enable the Owner to monitor and analyze web traffic and can be used to keep track of User behavior.<\/p>\n<p>Google Analytics is a web analysis service provided by Google Inc. (\u201cGoogle\u201d). Google utilizes the Data collected to track and examine the use of this Website, to prepare reports on its activities and share them with other Google services.<\/p>\n<p>Google may use the Data collected to contextualize p personalize the ads of its own advertising network.<\/p>\n<p>Personal Data collected: Cookies and Usage Data.<\/p>\n<p>Place of processing: United States \u2013 Privacy Policy \u2013 Opt Out. Privacy Shield participant.<\/p>\n<p>[\/et_pb_text][et_pb_text admin_label=&#8221;TIT + TXT &#8211; SPAM protection&#8221; module_class=&#8221;txt_legal&#8221; _builder_version=&#8221;4.27.4&#8243; locked=&#8221;off&#8221; global_colors_info=&#8221;{}&#8221;]<\/p>\n<h4>SPAM protection<\/h4>\n<p>This type of service analyzes the traffic of this Website, potentially containing Users&#8217; Personal Data, with the purpose of filtering it from parts of traffic, messages and content that are recognized as SPAM.<\/p>\n<p>[\/et_pb_text][et_pb_text admin_label=&#8221;TIT + TXT &#8211; Google reCAPTCHA (Google Inc.)&#8221; module_class=&#8221;txt_legal&#8221; _builder_version=&#8221;4.27.4&#8243; locked=&#8221;off&#8221; global_colors_info=&#8221;{}&#8221;]<\/p>\n<h4>Google reCAPTCHA (Google Inc.)<\/h4>\n<p>Google reCAPTCHA is a SPAM protection service provided by Google Inc.<\/p>\n<p>The use of reCAPTCHA is subject to the Google privacy policy <a href=\"https:\/\/policies.google.com\/privacy\" target=\"_blank\" rel=\"noopener\">(https:\/\/policies.google.com\/privacy)<\/a> and terms of use, <a href=\"https:\/\/policies.google.com\/terms?hl=es\" target=\"_blank\" rel=\"noopener\">(https:\/\/policies.google.com\/terms?hl=es)<\/a><\/p>\n<p>[\/et_pb_text][et_pb_text admin_label=&#8221;TIT &#8211; Users&#8217; rights&#8221; module_class=&#8221;title_legal &#8221; _builder_version=&#8221;4.27.4&#8243; module_alignment=&#8221;center&#8221; hover_enabled=&#8221;0&#8243; global_colors_info=&#8221;{}&#8221; sticky_enabled=&#8221;0&#8243;]<\/p>\n<h3>Users&#8217; rights<\/h3>\n<p>[\/et_pb_text][et_pb_text admin_label=&#8221;TIT + LIST + TXT &#8211; Users&#8217; rights&#8221; module_class=&#8221;txt_legal&#8221; _builder_version=&#8221;4.27.4&#8243; locked=&#8221;off&#8221; global_colors_info=&#8221;{}&#8221;]<\/p>\n<h4>Users&#8217; rights<\/h4>\n<p>Users may exercise certain rights regarding their Data processed by the Owner.<\/p>\n<h5 class=\"n_space bold\">In particular, Users have the right to do the following:<\/h5>\n<ul>\n<li><strong> Withdraw their consent at any time.<\/strong> Users have the right to withdraw consent where they have previously given their consent to the processing of their Personal Data.<\/li>\n<li><strong> Object to processing of their Data<\/strong> Users have the right to object to the processing of their Data if the processing is carried out on a legal basis other than consent. Further details are provided in the dedicated section below.<\/li>\n<li><strong> Access their Data.<\/strong> Users have the right to learn if Data is being processed by the Owner, obtain disclosure regarding certain aspects of the processing and obtain a copy of the Data undergoing processing.<\/li>\n<li><strong>Verify and seek rectification.<\/strong> Users have the right to verify the accuracy of their Data and ask for it to be updated or corrected.<\/li>\n<li><strong> Restrict the processing of their Data.<\/strong> Users have the right, under certain circumstances, to restrict the processing of their Data. In this case, the Owner will not process their Data for any purpose other than storing it.<\/li>\n<li><strong>Have their Personal Data deleted or otherwise removed.<\/strong> Users have the right, under certain circumstances, to obtain the erasure of their Data from the Owner.<\/li>\n<li><strong>Receive their Data and have it transferred to another controller. <\/strong>Users have the right to receive their Data in a structured, commonly used and machine readable format and, if technically feasible, to have it transmitted to another controller without any hindrance. This provision is applicable provided that the Data is processed by automated means and that the processing is based on the User&#8217;s consent, on a contract which the User is part of or on pre-contractual obligations thereof.<\/li>\n<li><strong>Lodge a complaint.<\/strong> Users have the right to bring a claim before their competent data protection authority.<\/li>\n<\/ul>\n<p>[\/et_pb_text][et_pb_text admin_label=&#8221;TIT + TXT &#8211; Details about the right to object to processing&#8221; module_class=&#8221;txt_legal&#8221; _builder_version=&#8221;4.27.4&#8243; locked=&#8221;off&#8221; global_colors_info=&#8221;{}&#8221;]<\/p>\n<h4>Details about the right to object to processing<\/h4>\n<p>Where Personal Data is processed for a public interest, in the exercise of an official authority vested in the Owner or for the purposes of the legitimate interests pursued by the Owner, Users may object to such processing by providing a ground related to their particular situation to justify the objection.<\/p>\n<p>Users must know that, however, should their Personal Data be processed for direct marketing purposes, they can object to that processing at any time without providing any justification. To learn, whether the Owner is processing Personal Data for direct marketing purposes, Users may refer to the relevant sections of this document.<\/p>\n<p>[\/et_pb_text][et_pb_text admin_label=&#8221;TIT + TXT &#8211; How to exercise these rights&#8221; module_class=&#8221;txt_legal&#8221; _builder_version=&#8221;4.27.4&#8243; locked=&#8221;off&#8221; global_colors_info=&#8221;{}&#8221;]<\/p>\n<h4>How to exercise these rights<\/h4>\n<p>Any requests to exercise User rights can be directed to the Owner through the contact details provided in this document, attaching a copy of his or her Identification number or Passport.<\/p>\n<p>These requests can be exercised free of charge and will be addressed by the Owner as early as possible and always within one month.<\/p>\n<p>[\/et_pb_text][et_pb_text admin_label=&#8221;TIT &#8211; Additional information about Data collection and processing&#8221; module_class=&#8221;title_legal &#8221; _builder_version=&#8221;4.27.4&#8243; module_alignment=&#8221;center&#8221; global_colors_info=&#8221;{}&#8221;]<\/p>\n<h3>Additional information about Data collection and processing<\/h3>\n<p>[\/et_pb_text][et_pb_text admin_label=&#8221;TIT + TXT &#8211; Legal action&#8221; module_class=&#8221;txt_legal&#8221; _builder_version=&#8221;4.27.4&#8243; locked=&#8221;off&#8221; global_colors_info=&#8221;{}&#8221;]<\/p>\n<h4>Legal action<\/h4>\n<p>The User&#8217;s Personal Data may be used for legal purposes by the Owner in Court or in the stages leading to possible legal action arising from improper use of this Website or the related Services.<\/p>\n<p>The User declares to be aware that the Owner may be required to reveal personal data upon request of public authorities. Additional information about User&#8217;s Personal Data. <\/p>\n<p>[\/et_pb_text][et_pb_text admin_label=&#8221;TIT + TXT &#8211; Additional information on Personal Data Collection and Processing&#8221; module_class=&#8221;txt_legal&#8221; _builder_version=&#8221;4.27.4&#8243; locked=&#8221;off&#8221; global_colors_info=&#8221;{}&#8221;]<\/p>\n<h4>Additional information on Personal Data Collection and Processing<\/h4>\n<p>In addition to the information contained in this privacy policy, this Website may provide the User with additional and contextual information concerning particular Services or the collection and processing of Personal Data upon request. <\/p>\n<p>[\/et_pb_text][et_pb_text admin_label=&#8221;TIT + TXT &#8211; System logs and maintenance&#8221; module_class=&#8221;txt_legal&#8221; _builder_version=&#8221;4.27.4&#8243; locked=&#8221;off&#8221; global_colors_info=&#8221;{}&#8221;]<\/p>\n<h4>System logs and maintenance<\/h4>\n<p>For operation and maintenance purposes, this Website and any third-party services may collect files that record interaction with this Website (System logs) use other Personal Data (such as the IP Address) for this purpose. <\/p>\n<p>[\/et_pb_text][et_pb_text admin_label=&#8221;TIT + TXT &#8211; Information not contained in this policy&#8221; module_class=&#8221;txt_legal&#8221; _builder_version=&#8221;4.27.4&#8243; locked=&#8221;off&#8221; global_colors_info=&#8221;{}&#8221;]<\/p>\n<h4>Information not contained in this policy<\/h4>\n<p>More details concerning the collection or processing of Personal Data may be requested from the Owner at any time. Please see the contact information at the beginning of this document. <\/p>\n<p>[\/et_pb_text][et_pb_text admin_label=&#8221;TIT + TXT &#8211; Changes to this privacy policy&#8221; module_class=&#8221;txt_legal&#8221; _builder_version=&#8221;4.27.4&#8243; locked=&#8221;off&#8221; global_colors_info=&#8221;{}&#8221;]<\/p>\n<h4>Changes to this privacy policy<\/h4>\n<p>The Owner reserves the right to make changes to this privacy policy at any time by giving notice to its Users on this page and possibly within this Website and\/or &#8211; as far as technically and legally feasible &#8211; sending a notice to Users via any contact information available to the Owner. It is strongly recommended to check this page often, referring to the date of the last modification listed at the bottom.<\/p>\n<p>Should the changes affect processing activities performed on the basis of the User\u2019s consent, the Owner shall collect new consent from the User, where required. <\/p>\n<p>[\/et_pb_text][et_pb_text admin_label=&#8221;TIT + TXT &#8211; Legal information&#8221; module_class=&#8221;txt_legal last_text&#8221; _builder_version=&#8221;4.27.4&#8243; hover_enabled=&#8221;0&#8243; locked=&#8221;off&#8221; global_colors_info=&#8221;{}&#8221; sticky_enabled=&#8221;0&#8243;]<\/p>\n<h4>Legal information<\/h4>\n<p>This privacy statement has been prepared based on provisions of multiple legislations, including Art. 13\/14 of Regulation (EU) 2016\/679 (General Data Protection Regulation).<\/p>\n<p>This privacy policy relates solely to this Website, if not stated otherwise within this document.<\/p>\n<p>[\/et_pb_text][\/et_pb_column][\/et_pb_row][\/et_pb_section]<\/p>\n","protected":false},"excerpt":{"rendered":"<p>Collected data processing Through this website no data of a personal nature is collected without the consent of the User or transferred to third parties. Next Owner and Data ControllerOwner and Data Controller Viuda de Jos\u00e9 Mar\u00eda Ros Baixauli S.L. (hereinafter &#8220;Az\u00facares Ros&#8221;) CIF B96065339 Address 28 Ram\u00f3n y Cajal Street, 46900, Torrente (Valencia, Spain) [&hellip;]<\/p>\n","protected":false},"author":1,"featured_media":493,"parent":0,"menu_order":11,"comment_status":"closed","ping_status":"closed","template":"","meta":{"_et_pb_use_builder":"on","_et_pb_old_content":"","_et_gb_content_width":"","inline_featured_image":false,"footnotes":""},"class_list":["post-3","page","type-page","status-publish","has-post-thumbnail","hentry"],"_links":{"self":[{"href":"https:\/\/azucaresros.com\/en\/wp-json\/wp\/v2\/pages\/3","targetHints":{"allow":["GET"]}}],"collection":[{"href":"https:\/\/azucaresros.com\/en\/wp-json\/wp\/v2\/pages"}],"about":[{"href":"https:\/\/azucaresros.com\/en\/wp-json\/wp\/v2\/types\/page"}],"author":[{"embeddable":true,"href":"https:\/\/azucaresros.com\/en\/wp-json\/wp\/v2\/users\/1"}],"replies":[{"embeddable":true,"href":"https:\/\/azucaresros.com\/en\/wp-json\/wp\/v2\/comments?post=3"}],"version-history":[{"count":0,"href":"https:\/\/azucaresros.com\/en\/wp-json\/wp\/v2\/pages\/3\/revisions"}],"wp:featuredmedia":[{"embeddable":true,"href":"https:\/\/azucaresros.com\/en\/wp-json\/wp\/v2\/media\/493"}],"wp:attachment":[{"href":"https:\/\/azucaresros.com\/en\/wp-json\/wp\/v2\/media?parent=3"}],"curies":[{"name":"wp","href":"https:\/\/api.w.org\/{rel}","templated":true}]}}